{"id":469,"date":"2024-08-08T12:08:19","date_gmt":"2024-08-08T10:08:19","guid":{"rendered":"https:\/\/orca-web.fr\/?page_id=469"},"modified":"2026-03-09T09:50:35","modified_gmt":"2026-03-09T08:50:35","slug":"mes-realisations-portfolio-projets-realises-exemples-de-travaux","status":"publish","type":"page","link":"https:\/\/orca-web.fr\/index.php\/mes-realisations-portfolio-projets-realises-exemples-de-travaux\/","title":{"rendered":"Mes Realisations"},"content":{"rendered":"\n<div style=\"height:100px\" aria-hidden=\"true\" class=\"wp-block-spacer\"><\/div>\n\n\n\n<div class=\"wp-block-media-text is-stacked-on-mobile\" style=\"margin-right:0;margin-left:0;padding-right:5px;padding-left:5px;grid-template-columns:45% auto\"><figure class=\"wp-block-media-text__media\"><img data-recalc-dims=\"1\" loading=\"lazy\" decoding=\"async\" width=\"509\" height=\"449\" src=\"https:\/\/i0.wp.com\/orca-web.fr\/wp-content\/uploads\/2025\/05\/Plan-de-travail-1-1.webp?resize=509%2C449\" alt=\"\" class=\"wp-image-727 size-full\" srcset=\"https:\/\/i0.wp.com\/orca-web.fr\/wp-content\/uploads\/2025\/05\/Plan-de-travail-1-1.webp?w=509&amp;ssl=1 509w, https:\/\/i0.wp.com\/orca-web.fr\/wp-content\/uploads\/2025\/05\/Plan-de-travail-1-1.webp?resize=300%2C265&amp;ssl=1 300w\" sizes=\"auto, (max-width: 509px) 100vw, 509px\" \/><\/figure><div class=\"wp-block-media-text__content\">\n<h2 class=\"wp-block-heading\">WebDesign<\/h2>\n\n\n\n<p>Voici une s\u00e9lection de&nbsp;<strong>sites web<\/strong>&nbsp;que j\u2019ai con\u00e7us pour des clients aux profils vari\u00e9s : boutiques, restaurants, associations, auteurs\u2026 Chaque site est pens\u00e9 pour offrir une&nbsp;<strong>navigation fluide<\/strong>, une&nbsp;<strong>exp\u00e9rience utilisateur agr\u00e9able<\/strong>, et une&nbsp;<strong>mise en valeur claire du contenu<\/strong>, tout en respectant l\u2019identit\u00e9 de chaque projet.<\/p>\n<\/div><\/div>\n\n\n\n<div style=\"height:100px\" aria-hidden=\"true\" class=\"wp-block-spacer\"><\/div>\n\n\n<div class=\"wp-block-blocksy-query\" data-id=\"1261b645\"><div class=\"ct-posts-block\" data-prefix=\"blog\"><div class=\"entries\" data-archive=\"default\" data-layout=\"grid\" data-cards=\"boxed\"><article class=\"entry-card card-content post-873 post type-post status-publish format-standard has-post-thumbnail hentry category-site-web tag-conception tag-site-web\" ><ul class=\"entry-meta\" data-type=\"simple:slash\" data-id=\"meta_1\" ><li class=\"meta-categories\" data-type=\"simple\"><a href=\"https:\/\/orca-web.fr\/index.php\/category\/site-web\/\" rel=\"tag\" class=\"ct-term-30\">Site Web<\/a><\/li><\/ul><h2 class=\"entry-title\"><a href=\"https:\/\/orca-web.fr\/index.php\/2025\/06\/03\/la-petite-jardinerie-de-thaon-2\/\" rel=\"bookmark\">La Petite Jardinerie de Thaon<\/a><\/h2><a class=\"ct-media-container boundless-image\" href=\"https:\/\/orca-web.fr\/index.php\/2025\/06\/03\/la-petite-jardinerie-de-thaon-2\/\" aria-label=\"La Petite Jardinerie de Thaon\"><img decoding=\"async\" width=\"768\" height=\"512\" src=\"https:\/\/i0.wp.com\/orca-web.fr\/wp-content\/uploads\/2025\/06\/Mockup-Web.webp?fit=768%2C512&amp;ssl=1\" class=\"attachment-medium_large size-medium_large wp-post-image\" alt=\"\" loading=\"lazy\" srcset=\"https:\/\/i0.wp.com\/orca-web.fr\/wp-content\/uploads\/2025\/06\/Mockup-Web.webp?w=1536&amp;ssl=1 1536w, https:\/\/i0.wp.com\/orca-web.fr\/wp-content\/uploads\/2025\/06\/Mockup-Web.webp?resize=300%2C200&amp;ssl=1 300w, https:\/\/i0.wp.com\/orca-web.fr\/wp-content\/uploads\/2025\/06\/Mockup-Web.webp?resize=1024%2C683&amp;ssl=1 1024w, https:\/\/i0.wp.com\/orca-web.fr\/wp-content\/uploads\/2025\/06\/Mockup-Web.webp?resize=768%2C512&amp;ssl=1 768w\" sizes=\"auto, (max-width: 768px) 100vw, 768px\" itemprop=\"image\" style=\"aspect-ratio: 4\/3;\" \/><\/a><div class=\"entry-excerpt\"><p>Cr\u00e9ation du site vitrine et click &#038; collect pour La Petite Jardinerie de Thaon.<br \/>\nJulie souhaitait promouvoir sa boutique et proposer ses produits en ligne.<br \/>\nJ\u2019ai adapt\u00e9 son identit\u00e9 visuelle existante pour un site simple, fluide et fid\u00e8le \u00e0 son univers.<\/p>\n<\/div><ul class=\"entry-meta\" data-type=\"simple:slash\" data-id=\"meta_2\" ><li class=\"meta-author\" itemprop=\"author\" itemscope=\"\" itemtype=\"https:\/\/schema.org\/Person\"><a class=\"ct-meta-element-author\" href=\"https:\/\/orca-web.fr\/index.php\/author\/admin9529\/\" title=\"Articles par Orca Web\" rel=\"author\" itemprop=\"url\"><span itemprop=\"name\">Orca Web<\/span><\/a><\/li><li class=\"meta-date\" itemprop=\"datePublished\"><time class=\"ct-meta-element-date\" datetime=\"2025-06-03T19:01:43+02:00\">3 juin 2025<\/time><\/li><\/ul><\/article><article class=\"entry-card card-content post-758 post type-post status-publish format-standard has-post-thumbnail hentry category-site-web tag-conception tag-refonte tag-site-web\" ><ul class=\"entry-meta\" data-type=\"simple:slash\" data-id=\"meta_1\" ><li class=\"meta-categories\" data-type=\"simple\"><a href=\"https:\/\/orca-web.fr\/index.php\/category\/site-web\/\" rel=\"tag\" class=\"ct-term-30\">Site Web<\/a><\/li><\/ul><h2 class=\"entry-title\"><a href=\"https:\/\/orca-web.fr\/index.php\/2025\/05\/20\/bodega-es-tapa-ti\/\" rel=\"bookmark\">Bodega eS tApA ti<\/a><\/h2><a class=\"ct-media-container boundless-image\" href=\"https:\/\/orca-web.fr\/index.php\/2025\/05\/20\/bodega-es-tapa-ti\/\" aria-label=\"Bodega eS tApA ti\"><img decoding=\"async\" width=\"768\" height=\"571\" src=\"https:\/\/i0.wp.com\/orca-web.fr\/wp-content\/uploads\/2024\/08\/OT131K1-1.png?fit=768%2C571&amp;ssl=1\" class=\"attachment-medium_large size-medium_large wp-post-image\" alt=\"\" loading=\"lazy\" srcset=\"https:\/\/i0.wp.com\/orca-web.fr\/wp-content\/uploads\/2024\/08\/OT131K1-1.png?w=3500&amp;ssl=1 3500w, https:\/\/i0.wp.com\/orca-web.fr\/wp-content\/uploads\/2024\/08\/OT131K1-1.png?resize=300%2C223&amp;ssl=1 300w, https:\/\/i0.wp.com\/orca-web.fr\/wp-content\/uploads\/2024\/08\/OT131K1-1.png?resize=1024%2C761&amp;ssl=1 1024w, https:\/\/i0.wp.com\/orca-web.fr\/wp-content\/uploads\/2024\/08\/OT131K1-1.png?resize=768%2C571&amp;ssl=1 768w, https:\/\/i0.wp.com\/orca-web.fr\/wp-content\/uploads\/2024\/08\/OT131K1-1.png?resize=1536%2C1141&amp;ssl=1 1536w, https:\/\/i0.wp.com\/orca-web.fr\/wp-content\/uploads\/2024\/08\/OT131K1-1.png?resize=2048%2C1521&amp;ssl=1 2048w, https:\/\/i0.wp.com\/orca-web.fr\/wp-content\/uploads\/2024\/08\/OT131K1-1.png?resize=1320%2C981&amp;ssl=1 1320w, https:\/\/i0.wp.com\/orca-web.fr\/wp-content\/uploads\/2024\/08\/OT131K1-1.png?w=2580 2580w\" sizes=\"auto, (max-width: 768px) 100vw, 768px\" itemprop=\"image\" style=\"aspect-ratio: 4\/3;\" \/><\/a><div class=\"entry-excerpt\"><p>Refonte du site du restaurant Bodega eS tApA ti : une interface modernis\u00e9e, une carte compl\u00e8te mise en valeur (pizzas, burgers, galettes\u2026) et un syst\u00e8me de click and collect fluide pour une meilleure exp\u00e9rience client.<\/p>\n<\/div><ul class=\"entry-meta\" data-type=\"simple:slash\" data-id=\"meta_2\" ><li class=\"meta-author\" itemprop=\"author\" itemscope=\"\" itemtype=\"https:\/\/schema.org\/Person\"><a class=\"ct-meta-element-author\" href=\"https:\/\/orca-web.fr\/index.php\/author\/admin9529\/\" title=\"Articles par Orca Web\" rel=\"author\" itemprop=\"url\"><span itemprop=\"name\">Orca Web<\/span><\/a><\/li><li class=\"meta-date\" itemprop=\"datePublished\"><time class=\"ct-meta-element-date\" datetime=\"2025-05-20T18:33:10+02:00\">20 mai 2025<\/time><\/li><\/ul><\/article><\/div><\/div><\/div>\n\n\n<div style=\"height:100px\" aria-hidden=\"true\" class=\"wp-block-spacer\"><\/div>\n\n\n\n<div class=\"wp-block-media-text has-media-on-the-right is-stacked-on-mobile\" style=\"margin-right:0;margin-left:0;padding-right:5px;padding-left:5px;grid-template-columns:auto 45%\"><div class=\"wp-block-media-text__content\">\n<h2 class=\"wp-block-heading\">Cr\u00e9ation Graphique<\/h2>\n\n\n\n<p>D\u00e9couvrez ici mes cr\u00e9ations de&nbsp;<strong>logos<\/strong>&nbsp;et d\u2019<strong>univers graphiques<\/strong>&nbsp;r\u00e9alis\u00e9s pour des entreprises, associations ou ind\u00e9pendants. Chaque projet est pens\u00e9 pour traduire visuellement l\u2019essence de la marque, avec des choix typographiques, colorim\u00e9triques et symboliques adapt\u00e9s \u00e0 ses objectifs et \u00e0 son public.<\/p>\n<\/div><figure class=\"wp-block-media-text__media\"><img data-recalc-dims=\"1\" loading=\"lazy\" decoding=\"async\" width=\"451\" height=\"449\" src=\"https:\/\/i0.wp.com\/orca-web.fr\/wp-content\/uploads\/2025\/05\/Plan-de-travail-5.webp?resize=451%2C449\" alt=\"\" class=\"wp-image-728 size-full\" srcset=\"https:\/\/i0.wp.com\/orca-web.fr\/wp-content\/uploads\/2025\/05\/Plan-de-travail-5.webp?w=451&amp;ssl=1 451w, https:\/\/i0.wp.com\/orca-web.fr\/wp-content\/uploads\/2025\/05\/Plan-de-travail-5.webp?resize=300%2C300&amp;ssl=1 300w, https:\/\/i0.wp.com\/orca-web.fr\/wp-content\/uploads\/2025\/05\/Plan-de-travail-5.webp?resize=150%2C150&amp;ssl=1 150w\" sizes=\"auto, (max-width: 451px) 100vw, 451px\" \/><\/figure><\/div>\n\n\n\n<div style=\"height:100px\" aria-hidden=\"true\" class=\"wp-block-spacer\"><\/div>\n\n\n<div class=\"wp-block-blocksy-query\" data-id=\"bc0cb21f\"><div class=\"ct-posts-block\" data-prefix=\"blog\"><div class=\"entries\" data-archive=\"default\" data-layout=\"grid\" data-cards=\"boxed\"><article class=\"entry-card card-content post-953 post type-post status-publish format-standard has-post-thumbnail hentry category-flyer\" ><ul class=\"entry-meta\" data-type=\"simple:slash\" data-id=\"meta_1\" ><li class=\"meta-categories\" data-type=\"simple\"><a href=\"https:\/\/orca-web.fr\/index.php\/category\/flyer\/\" rel=\"tag\" class=\"ct-term-42\">Flyer<\/a><\/li><\/ul><h2 class=\"entry-title\"><a href=\"https:\/\/orca-web.fr\/index.php\/2025\/09\/08\/grentheville-ustt-2\/\" rel=\"bookmark\">Grentheville USTT<\/a><\/h2><a class=\"ct-media-container boundless-image\" href=\"https:\/\/orca-web.fr\/index.php\/2025\/09\/08\/grentheville-ustt-2\/\" aria-label=\"Grentheville USTT\"><img decoding=\"async\" width=\"768\" height=\"1086\" src=\"https:\/\/i0.wp.com\/orca-web.fr\/wp-content\/uploads\/2025\/09\/flyer-25_26-scaled.webp?fit=768%2C1086&amp;ssl=1\" class=\"attachment-medium_large size-medium_large wp-post-image\" alt=\"\" loading=\"lazy\" srcset=\"https:\/\/i0.wp.com\/orca-web.fr\/wp-content\/uploads\/2025\/09\/flyer-25_26-scaled.webp?w=1810&amp;ssl=1 1810w, https:\/\/i0.wp.com\/orca-web.fr\/wp-content\/uploads\/2025\/09\/flyer-25_26-scaled.webp?resize=212%2C300&amp;ssl=1 212w, https:\/\/i0.wp.com\/orca-web.fr\/wp-content\/uploads\/2025\/09\/flyer-25_26-scaled.webp?resize=724%2C1024&amp;ssl=1 724w, https:\/\/i0.wp.com\/orca-web.fr\/wp-content\/uploads\/2025\/09\/flyer-25_26-scaled.webp?resize=768%2C1086&amp;ssl=1 768w, https:\/\/i0.wp.com\/orca-web.fr\/wp-content\/uploads\/2025\/09\/flyer-25_26-scaled.webp?resize=1086%2C1536&amp;ssl=1 1086w, https:\/\/i0.wp.com\/orca-web.fr\/wp-content\/uploads\/2025\/09\/flyer-25_26-scaled.webp?resize=1448%2C2048&amp;ssl=1 1448w\" sizes=\"auto, (max-width: 768px) 100vw, 768px\" itemprop=\"image\" style=\"aspect-ratio: 4\/3;\" \/><\/a><div class=\"entry-excerpt\"><p>Conception d\u2019un flyer pour le Grentheville USTT afin de promouvoir la saison 2025\/2026 et amorcer la communication autour des 20 ans du club. Un support clair et dynamique pour informer, recruter et valoriser l\u2019image du club.<\/p>\n<\/div><ul class=\"entry-meta\" data-type=\"simple:slash\" data-id=\"meta_2\" ><li class=\"meta-author\" itemprop=\"author\" itemscope=\"\" itemtype=\"https:\/\/schema.org\/Person\"><a class=\"ct-meta-element-author\" href=\"https:\/\/orca-web.fr\/index.php\/author\/admin9529\/\" title=\"Articles par Orca Web\" rel=\"author\" itemprop=\"url\"><span itemprop=\"name\">Orca Web<\/span><\/a><\/li><li class=\"meta-date\" itemprop=\"datePublished\"><time class=\"ct-meta-element-date\" datetime=\"2025-09-08T11:02:27+02:00\">8 septembre 2025<\/time><\/li><\/ul><\/article><article class=\"entry-card card-content post-778 post type-post status-publish format-standard has-post-thumbnail hentry category-identite-visuel category-logo\" ><ul class=\"entry-meta\" data-type=\"simple:slash\" data-id=\"meta_1\" ><li class=\"meta-categories\" data-type=\"simple\"><a href=\"https:\/\/orca-web.fr\/index.php\/category\/identite-visuel\/\" rel=\"tag\" class=\"ct-term-39\">Identit\u00e9 Visuel<\/a>, <a href=\"https:\/\/orca-web.fr\/index.php\/category\/logo\/\" rel=\"tag\" class=\"ct-term-38\">Logo<\/a><\/li><\/ul><h2 class=\"entry-title\"><a href=\"https:\/\/orca-web.fr\/index.php\/2025\/05\/21\/grentheville-ustt\/\" rel=\"bookmark\">Grentheville USTT<\/a><\/h2><a class=\"ct-media-container boundless-image\" href=\"https:\/\/orca-web.fr\/index.php\/2025\/05\/21\/grentheville-ustt\/\" aria-label=\"Grentheville USTT\"><img decoding=\"async\" src=\"https:\/\/i0.wp.com\/orca-web.fr\/wp-content\/uploads\/2025\/05\/logo-nouveau.webp?w=768&amp;ssl=1\" class=\"attachment-medium_large size-medium_large wp-post-image\" alt=\"\" loading=\"lazy\" itemprop=\"image\" style=\"aspect-ratio: 4\/3;\" \/><\/a><div class=\"entry-excerpt\"><p>Conception d\u2019un nouveau logo pour le club de tennis de table Grentheville USTT, avec un design en forme d\u2019\u00e9cusson inspir\u00e9 des grands clubs sportifs. Un visuel moderne et f\u00e9d\u00e9rateur, pens\u00e9 pour refl\u00e9ter l\u2019identit\u00e9 du club sur tous les supports.<\/p>\n<\/div><ul class=\"entry-meta\" data-type=\"simple:slash\" data-id=\"meta_2\" ><li class=\"meta-author\" itemprop=\"author\" itemscope=\"\" itemtype=\"https:\/\/schema.org\/Person\"><a class=\"ct-meta-element-author\" href=\"https:\/\/orca-web.fr\/index.php\/author\/admin9529\/\" title=\"Articles par Orca Web\" rel=\"author\" itemprop=\"url\"><span itemprop=\"name\">Orca Web<\/span><\/a><\/li><li class=\"meta-date\" itemprop=\"datePublished\"><time class=\"ct-meta-element-date\" datetime=\"2025-05-21T17:39:00+02:00\">21 mai 2025<\/time><\/li><\/ul><\/article><article class=\"entry-card card-content post-771 post type-post status-publish format-standard has-post-thumbnail hentry category-catalogue\" ><ul class=\"entry-meta\" data-type=\"simple:slash\" data-id=\"meta_1\" ><li class=\"meta-categories\" data-type=\"simple\"><a href=\"https:\/\/orca-web.fr\/index.php\/category\/catalogue\/\" rel=\"tag\" class=\"ct-term-37\">Catalogue<\/a><\/li><\/ul><h2 class=\"entry-title\"><a href=\"https:\/\/orca-web.fr\/index.php\/2025\/05\/21\/silver-evenement\/\" rel=\"bookmark\">Silver \u00c9v\u00e8nement<\/a><\/h2><a class=\"ct-media-container boundless-image\" href=\"https:\/\/orca-web.fr\/index.php\/2025\/05\/21\/silver-evenement\/\" aria-label=\"Silver \u00c9v\u00e8nement\"><img decoding=\"async\" width=\"768\" height=\"512\" src=\"https:\/\/i0.wp.com\/orca-web.fr\/wp-content\/uploads\/2024\/07\/mockup.png?fit=768%2C512&amp;ssl=1\" class=\"attachment-medium_large size-medium_large wp-post-image\" alt=\"\" loading=\"lazy\" srcset=\"https:\/\/i0.wp.com\/orca-web.fr\/wp-content\/uploads\/2024\/07\/mockup.png?w=3000&amp;ssl=1 3000w, https:\/\/i0.wp.com\/orca-web.fr\/wp-content\/uploads\/2024\/07\/mockup.png?resize=300%2C200&amp;ssl=1 300w, https:\/\/i0.wp.com\/orca-web.fr\/wp-content\/uploads\/2024\/07\/mockup.png?resize=1024%2C683&amp;ssl=1 1024w, https:\/\/i0.wp.com\/orca-web.fr\/wp-content\/uploads\/2024\/07\/mockup.png?resize=768%2C512&amp;ssl=1 768w, https:\/\/i0.wp.com\/orca-web.fr\/wp-content\/uploads\/2024\/07\/mockup.png?resize=1536%2C1024&amp;ssl=1 1536w, https:\/\/i0.wp.com\/orca-web.fr\/wp-content\/uploads\/2024\/07\/mockup.png?resize=2048%2C1365&amp;ssl=1 2048w, https:\/\/i0.wp.com\/orca-web.fr\/wp-content\/uploads\/2024\/07\/mockup.png?w=2580 2580w\" sizes=\"auto, (max-width: 768px) 100vw, 768px\" itemprop=\"image\" style=\"aspect-ratio: 4\/3;\" \/><\/a><div class=\"entry-excerpt\"><p>R\u00e9alisation d\u2019un catalogue produits pour Silver \u00c9v\u00e8nement, sp\u00e9cialiste de l\u2019\u00e9v\u00e8nementiel et de la location de mat\u00e9riel en Normandie et en France. L\u2019objectif : structurer et valoriser une large gamme de produits \u00e0 destination des professionnels et des particuliers, avec une mise en page claire, \u00e9l\u00e9gante et fid\u00e8le \u00e0 leur univers.<\/p>\n<\/div><ul class=\"entry-meta\" data-type=\"simple:slash\" data-id=\"meta_2\" ><li class=\"meta-author\" itemprop=\"author\" itemscope=\"\" itemtype=\"https:\/\/schema.org\/Person\"><a class=\"ct-meta-element-author\" href=\"https:\/\/orca-web.fr\/index.php\/author\/admin9529\/\" title=\"Articles par Orca Web\" rel=\"author\" itemprop=\"url\"><span itemprop=\"name\">Orca Web<\/span><\/a><\/li><li class=\"meta-date\" itemprop=\"datePublished\"><time class=\"ct-meta-element-date\" datetime=\"2025-05-21T17:05:54+02:00\">21 mai 2025<\/time><\/li><\/ul><\/article><\/div><\/div><\/div>\n\n\n<div style=\"height:100px\" aria-hidden=\"true\" class=\"wp-block-spacer\"><\/div>\n\n\n\n<div style=\"height:100px\" aria-hidden=\"true\" class=\"wp-block-spacer\"><\/div>\n\n\n\n<div class=\"wp-block-media-text is-stacked-on-mobile\" style=\"margin-right:0;margin-left:0;padding-right:5px;padding-left:5px;grid-template-columns:45% auto\"><figure class=\"wp-block-media-text__media\"><img data-recalc-dims=\"1\" loading=\"lazy\" decoding=\"async\" width=\"510\" height=\"421\" src=\"https:\/\/i0.wp.com\/orca-web.fr\/wp-content\/uploads\/2025\/05\/Plan-de-travail-3.webp?resize=510%2C421\" alt=\"\" class=\"wp-image-729 size-full\" srcset=\"https:\/\/i0.wp.com\/orca-web.fr\/wp-content\/uploads\/2025\/05\/Plan-de-travail-3.webp?w=510&amp;ssl=1 510w, https:\/\/i0.wp.com\/orca-web.fr\/wp-content\/uploads\/2025\/05\/Plan-de-travail-3.webp?resize=300%2C248&amp;ssl=1 300w\" sizes=\"auto, (max-width: 510px) 100vw, 510px\" \/><\/figure><div class=\"wp-block-media-text__content\">\n<h2 class=\"wp-block-heading\">Web Marketing &amp; R\u00e9seaux Sociaux<\/h2>\n\n\n\n<p>Retrouvez ici quelques-uns de mes accompagnements en&nbsp;<strong>communication digitale<\/strong>&nbsp;: cr\u00e9ation de contenus pour les r\u00e9seaux sociaux, visuels d\u2019\u00e9v\u00e9nements, strat\u00e9gie de publication\u2026 J\u2019aide les marques et associations \u00e0&nbsp;<strong>renforcer leur pr\u00e9sence en ligne<\/strong>, \u00e0&nbsp;<strong>engager leur communaut\u00e9<\/strong>&nbsp;et \u00e0&nbsp;<strong>valoriser leurs actualit\u00e9s<\/strong>&nbsp;avec des visuels percutants et coh\u00e9rents.<\/p>\n<\/div><\/div>\n\n\n<div class=\"wp-block-blocksy-query\" data-id=\"0a144838\"><div class=\"ct-posts-block\" data-prefix=\"blog\"><div class=\"entries\" data-archive=\"default\" data-layout=\"grid\" data-cards=\"boxed\"><article class=\"entry-card card-content post-746 post type-post status-publish format-standard has-post-thumbnail hentry category-gestion-des-reseaux category-web-marketing\" ><ul class=\"entry-meta\" data-type=\"simple:slash\" data-id=\"meta_1\" ><li class=\"meta-categories\" data-type=\"simple\"><a href=\"https:\/\/orca-web.fr\/index.php\/category\/gestion-des-reseaux\/\" rel=\"tag\" class=\"ct-term-41\">Gestion des R\u00e9seaux<\/a>, <a href=\"https:\/\/orca-web.fr\/index.php\/category\/web-marketing\/\" rel=\"tag\" class=\"ct-term-40\">Web Marketing<\/a><\/li><\/ul><h2 class=\"entry-title\"><a href=\"https:\/\/orca-web.fr\/index.php\/2025\/05\/20\/la-petite-jardinerie-de-thaon\/\" rel=\"bookmark\">Grentheville USTT<\/a><\/h2><a class=\"ct-media-container boundless-image\" href=\"https:\/\/orca-web.fr\/index.php\/2025\/05\/20\/la-petite-jardinerie-de-thaon\/\" aria-label=\"Grentheville USTT\"><img decoding=\"async\" width=\"768\" height=\"768\" src=\"https:\/\/i0.wp.com\/orca-web.fr\/wp-content\/uploads\/2025\/05\/07-D3.webp?fit=768%2C768&amp;ssl=1\" class=\"attachment-medium_large size-medium_large wp-post-image\" alt=\"\" loading=\"lazy\" srcset=\"https:\/\/i0.wp.com\/orca-web.fr\/wp-content\/uploads\/2025\/05\/07-D3.webp?w=1080&amp;ssl=1 1080w, https:\/\/i0.wp.com\/orca-web.fr\/wp-content\/uploads\/2025\/05\/07-D3.webp?resize=300%2C300&amp;ssl=1 300w, https:\/\/i0.wp.com\/orca-web.fr\/wp-content\/uploads\/2025\/05\/07-D3.webp?resize=1024%2C1024&amp;ssl=1 1024w, https:\/\/i0.wp.com\/orca-web.fr\/wp-content\/uploads\/2025\/05\/07-D3.webp?resize=150%2C150&amp;ssl=1 150w, https:\/\/i0.wp.com\/orca-web.fr\/wp-content\/uploads\/2025\/05\/07-D3.webp?resize=768%2C768&amp;ssl=1 768w\" sizes=\"auto, (max-width: 768px) 100vw, 768px\" itemprop=\"image\" style=\"aspect-ratio: 4\/3;\" \/><\/a><div class=\"entry-excerpt\"><p>Gestion des r\u00e9seaux sociaux pour le club Grentheville USTT avec cr\u00e9ation de visuels et publications Facebook. Objectif : valoriser les \u00e9v\u00e9nements du club, renforcer le lien avec les adh\u00e9rents et accro\u00eetre sa visibilit\u00e9 locale.<\/p>\n<\/div><ul class=\"entry-meta\" data-type=\"simple:slash\" data-id=\"meta_2\" ><li class=\"meta-author\" itemprop=\"author\" itemscope=\"\" itemtype=\"https:\/\/schema.org\/Person\"><a class=\"ct-meta-element-author\" href=\"https:\/\/orca-web.fr\/index.php\/author\/admin9529\/\" title=\"Articles par Orca Web\" rel=\"author\" itemprop=\"url\"><span itemprop=\"name\">Orca Web<\/span><\/a><\/li><li class=\"meta-date\" itemprop=\"datePublished\"><time class=\"ct-meta-element-date\" datetime=\"2025-05-20T18:02:21+02:00\">20 mai 2025<\/time><\/li><\/ul><\/article><\/div><\/div><\/div>\n\n\n<p><\/p>\n","protected":false},"excerpt":{"rendered":"<p>WebDesign Voici une s\u00e9lection de&nbsp;sites web&nbsp;que j\u2019ai con\u00e7us pour des clients aux profils vari\u00e9s : boutiques, restaurants, associations, auteurs\u2026 Chaque site est pens\u00e9 pour offrir une&nbsp;navigation fluide, une&nbsp;exp\u00e9rience utilisateur agr\u00e9able, et une&nbsp;mise en valeur claire du contenu, tout en respectant l\u2019identit\u00e9 de chaque projet. Cr\u00e9ation Graphique D\u00e9couvrez ici mes cr\u00e9ations de&nbsp;logos&nbsp;et d\u2019univers graphiques&nbsp;r\u00e9alis\u00e9s pour des [&hellip;]<\/p>\n","protected":false},"author":1,"featured_media":0,"parent":0,"menu_order":0,"comment_status":"closed","ping_status":"closed","template":"","meta":{"qubely_global_settings":"","qubely_interactions":"","advanced_seo_description":"","jetpack_seo_html_title":"","jetpack_seo_noindex":false,"jetpack_post_was_ever_published":true,"footnotes":""},"class_list":["post-469","page","type-page","status-publish","hentry"],"blocksy_meta":[],"jetpack_sharing_enabled":true,"_links":{"self":[{"href":"https:\/\/orca-web.fr\/index.php\/wp-json\/wp\/v2\/pages\/469","targetHints":{"allow":["GET"]}}],"collection":[{"href":"https:\/\/orca-web.fr\/index.php\/wp-json\/wp\/v2\/pages"}],"about":[{"href":"https:\/\/orca-web.fr\/index.php\/wp-json\/wp\/v2\/types\/page"}],"author":[{"embeddable":true,"href":"https:\/\/orca-web.fr\/index.php\/wp-json\/wp\/v2\/users\/1"}],"replies":[{"embeddable":true,"href":"https:\/\/orca-web.fr\/index.php\/wp-json\/wp\/v2\/comments?post=469"}],"version-history":[{"count":73,"href":"https:\/\/orca-web.fr\/index.php\/wp-json\/wp\/v2\/pages\/469\/revisions"}],"predecessor-version":[{"id":959,"href":"https:\/\/orca-web.fr\/index.php\/wp-json\/wp\/v2\/pages\/469\/revisions\/959"}],"wp:attachment":[{"href":"https:\/\/orca-web.fr\/index.php\/wp-json\/wp\/v2\/media?parent=469"}],"curies":[{"name":"wp","href":"https:\/\/api.w.org\/{rel}","templated":true}]}}